{"id":835,"date":"2020-10-06T18:46:32","date_gmt":"2020-10-06T16:46:32","guid":{"rendered":"https:\/\/muenster-zu-fuss.de\/?page_id=835"},"modified":"2022-01-16T00:13:26","modified_gmt":"2022-01-15T23:13:26","slug":"rat-muenster","status":"publish","type":"page","link":"https:\/\/muenster-zu-fuss.de\/wp-archiv\/rat-muenster\/","title":{"rendered":"Rat M\u00fcnster"},"content":{"rendered":"\n<p>Vorlagen und Ratsantr\u00e4ge aus dem Ratsinformationssystem der Stadt M\u00fcnster mit Bezug zum Fu\u00dfverkehr<\/p>\n\n\n\n<p>Hier geht es zum <a href=\"https:\/\/muenster-zu-fuss.de\/2020\/08\/02\/parteien-check\/\">Parteien-Check zur Kommunalwahl M\u00fcnster am 13. September 2020<\/a><\/p>\n\n\n\n<hr class=\"wp-block-separator\"\/>\n\n\n\n<h4 class=\"wp-block-heading\">Hansestra\u00dfe: Querenden Fu\u00df- und Radverkehr sicher gestalten<\/h4>\n\n\n\n<blockquote class=\"wp-block-quote is-layout-flow wp-block-quote-is-layout-flow\"><p>Die Verwaltung wird beauftragt, an der Hansestra\u00dfe im Bereich zwischen den Wegen \u201eAm Sonnenborn&#8220; und der Wege-Verbindung zum Centro Espanol (neben dem Recyclinghof) eine Planung f\u00fcr einen Fahr- bahnteiler vorzunehmen.<\/p><p>Es handelt sich um eine beliebte Wegeverbindung f\u00fcr Erholungssuchende zwischen \u201eZum Roten Berge\/Am Klosterwald&#8220; und dem Kanal \u201eAlte Fahrt&#8220;\/&#8220;Centro E- spanol&#8220;, stellt sie doch eine Alternative und Abk\u00fcrzung zur vielbefahrenen Westfalenstra\u00dfe dar. Eine sichere Querung wird jedoch aufgrund des Kurvenverlaufs der Hansestra\u00dfe und dem hohen Verkehrsaufkommen in diesem Bereich erschwert. <\/p><cite><a href=\"https:\/\/www.stadt-muenster.de\/sessionnet\/sessionnetbi\/vo0050.php?__kvonr=2004047988\" target=\"_blank\" rel=\"noreferrer noopener\">AnH\/0007\/2021<\/a><\/cite><\/blockquote>\n\n\n\n<hr class=\"wp-block-separator\"\/>\n\n\n\n<h4 class=\"wp-block-heading\">Integriertes Parkraumkonzept M\u00fcnster<\/h4>\n\n\n\n<p>Grundsatzbeschluss f\u00fcr ein &#8222;Integriertes Parkraumkonzept M\u00fcnster&#8220;<\/p>\n\n\n\n<blockquote class=\"wp-block-quote is-layout-flow wp-block-quote-is-layout-flow\"><p>Das Parken von Kraftfahrzeugen im \u00f6ffentlichen Stra\u00dfenraum privilegiert seit vielen Jahrzehnten Autobesitzer\/-innen vor anderen Nutzergruppen. Geparkte Autos sind h\u00e4ufig ein Sicherheitsrisiko, wenn sie ordnungswidrig auf Geh-und Radwegen sowie Feuerwehrzufahrten stehen oder die Sicht auf querende Fu\u00dfg\u00e4nger\/innen einschr\u00e4nken. H\u00e4ufig nehmen sie Fu\u00dfg\u00e4nger\/innen, besonders Kindern, beim \u00dcberqueren der Stra\u00dfe die Sicht auf die Fahrbahn.<\/p><cite><a rel=\"noreferrer noopener\" href=\"https:\/\/www.stadt-muenster.de\/sessionnet\/sessionnetbi\/vo0050.php?__kvonr=2004046857\" target=\"_blank\">V\/0728\/2020<\/a><\/cite><\/blockquote>\n\n\n\n<h4 class=\"wp-block-heading\">Mobilit\u00e4t im Alter st\u00e4rken<\/h4>\n\n\n\n<p>Bestandsaufnahme und Handlungskonzept &#8222;Mobilit\u00e4t im Alter st\u00e4rken &#8211; selbstverst\u00e4ndlich selbst\u00e4ndig&#8220;<\/p>\n\n\n\n<blockquote class=\"wp-block-quote is-layout-flow wp-block-quote-is-layout-flow\"><p>Das Handlungskonzept stellt eine erste Diskussions- und Handlungsgrundlage dar, die gemeinsam z. B. mit den Arbeitskreisen \u201e\u00c4lter werden in M\u00fcnster\u201c insgesamt weiter er\u00f6rtert werden sollen, aber auch in den einzelnen Wohnvierteln\/Quartieren mit Blick auf die konkreten Bedarfe und Anliegen vor Ort. Die Ergebnisse dieser weiteren Er\u00f6rterungen werden teilweise in den Masterplan Mobilit\u00e4t M\u00fcnster 2035+ einflie\u00dfen.<\/p><cite><a href=\"https:\/\/www.stadt-muenster.de\/sessionnet\/sessionnetbi\/vo0050.php?__kvonr=2004046412\" target=\"_blank\" rel=\"noreferrer noopener\">V\/0409\/2020<\/a><\/cite><\/blockquote>\n\n\n\n<h4 class=\"wp-block-heading\">Gievenbecker Reihe<\/h4>\n\n\n\n<p>Gemeinsamer Geh- und Radweg zur Potstiege inkl.<br>Br\u00fcckenbauwerk \u00fcber den Gievenbach<\/p>\n\n\n\n<blockquote class=\"wp-block-quote is-layout-flow wp-block-quote-is-layout-flow\"><p>Der gemeinsame Geh-und Radweg verbindet zuk\u00fcnftig die Wohngebiete im Bereich Potstiege mit der Gievenbecker Reihe und weiterf\u00fchrend durch eine Rampe im Bereich der zuk\u00fcnftigen Sporthalle mit dem Gel\u00e4nde der Oxford Kaserne, auf dem eine Grundschule und mehrere Kindertagesst\u00e4tten, das B\u00fcrgerhaus und eine \u00f6ffentliche Sporthalle entstehen. Durch den Weg wird auch das an der Dieckmannstra\u00dfe gelegene Gymnasium besser an den Ortsteil Gievenbeck angebunden.<\/p><cite><a rel=\"noreferrer noopener\" href=\"https:\/\/www.stadt-muenster.de\/sessionnet\/sessionnetbi\/vo0050.php?__kvonr=2004045832\" target=\"_blank\">V\/0025\/2020<\/a><\/cite><\/blockquote>\n","protected":false},"excerpt":{"rendered":"<p>Vorlagen und Ratsantr\u00e4ge aus dem Ratsinformationssystem der Stadt M\u00fcnster mit Bezug zum Fu\u00dfverkehr Hier geht es zum Parteien-Check zur Kommunalwahl<\/p>\n","protected":false},"author":3,"featured_media":0,"parent":0,"menu_order":0,"comment_status":"closed","ping_status":"closed","template":"","meta":{"footnotes":""},"class_list":["post-835","page","type-page","status-publish","hentry","comments-off"],"_links":{"self":[{"href":"https:\/\/muenster-zu-fuss.de\/wp-archiv\/wp-json\/wp\/v2\/pages\/835","targetHints":{"allow":["GET"]}}],"collection":[{"href":"https:\/\/muenster-zu-fuss.de\/wp-archiv\/wp-json\/wp\/v2\/pages"}],"about":[{"href":"https:\/\/muenster-zu-fuss.de\/wp-archiv\/wp-json\/wp\/v2\/types\/page"}],"author":[{"embeddable":true,"href":"https:\/\/muenster-zu-fuss.de\/wp-archiv\/wp-json\/wp\/v2\/users\/3"}],"replies":[{"embeddable":true,"href":"https:\/\/muenster-zu-fuss.de\/wp-archiv\/wp-json\/wp\/v2\/comments?post=835"}],"version-history":[{"count":29,"href":"https:\/\/muenster-zu-fuss.de\/wp-archiv\/wp-json\/wp\/v2\/pages\/835\/revisions"}],"predecessor-version":[{"id":1806,"href":"https:\/\/muenster-zu-fuss.de\/wp-archiv\/wp-json\/wp\/v2\/pages\/835\/revisions\/1806"}],"wp:attachment":[{"href":"https:\/\/muenster-zu-fuss.de\/wp-archiv\/wp-json\/wp\/v2\/media?parent=835"}],"curies":[{"name":"wp","href":"https:\/\/api.w.org\/{rel}","templated":true}]}}